{"id":2749,"date":"2022-09-16T11:41:28","date_gmt":"2022-09-16T11:41:28","guid":{"rendered":"http:\/\/lucholacanna.com.ar\/8500\/confirmacion-de-reserva\/transaccion-fallida\/"},"modified":"2022-09-16T11:41:28","modified_gmt":"2022-09-16T11:41:28","slug":"transaccion-fallida","status":"publish","type":"page","link":"https:\/\/www.8500ar.com\/en\/transaccion-fallida\/","title":{"rendered":"Transacci\u00f3n fallida"},"content":{"rendered":"<p>Desafortunadamente, tu transacci\u00f3n no puede completarse en este momento. Por favor, int\u00e9ntalo de nuevo o ponte en contacto con nosotros.<\/p>","protected":false},"excerpt":{"rendered":"<p>Desafortunadamente, tu transacci\u00f3n no puede completarse en este momento. Por favor, int\u00e9ntalo de nuevo o ponte en contacto con nosotros.<\/p>","protected":false},"author":2,"featured_media":0,"parent":0,"menu_order":0,"comment_status":"closed","ping_status":"closed","template":"","meta":{"om_disable_all_campaigns":false,"_monsterinsights_skip_tracking":false,"_monsterinsights_sitenote_active":false,"_monsterinsights_sitenote_note":"","_monsterinsights_sitenote_category":0,"_uf_show_specific_survey":0,"_uf_disable_surveys":false,"footnotes":""},"class_list":["post-2749","page","type-page","status-publish","hentry"],"aioseo_notices":[],"_links":{"self":[{"href":"https:\/\/www.8500ar.com\/en\/wp-json\/wp\/v2\/pages\/2749","targetHints":{"allow":["GET"]}}],"collection":[{"href":"https:\/\/www.8500ar.com\/en\/wp-json\/wp\/v2\/pages"}],"about":[{"href":"https:\/\/www.8500ar.com\/en\/wp-json\/wp\/v2\/types\/page"}],"author":[{"embeddable":true,"href":"https:\/\/www.8500ar.com\/en\/wp-json\/wp\/v2\/users\/2"}],"replies":[{"embeddable":true,"href":"https:\/\/www.8500ar.com\/en\/wp-json\/wp\/v2\/comments?post=2749"}],"version-history":[{"count":0,"href":"https:\/\/www.8500ar.com\/en\/wp-json\/wp\/v2\/pages\/2749\/revisions"}],"wp:attachment":[{"href":"https:\/\/www.8500ar.com\/en\/wp-json\/wp\/v2\/media?parent=2749"}],"curies":[{"name":"wp","href":"https:\/\/api.w.org\/{rel}","templated":true}]}}